{"id":1509,"date":"2022-03-07T21:14:08","date_gmt":"2022-03-07T21:14:08","guid":{"rendered":"https:\/\/avfertile.org\/?page_id=1509"},"modified":"2022-03-09T11:33:15","modified_gmt":"2022-03-09T11:33:15","slug":"soutenir-afrique-verte-et-fertile","status":"publish","type":"page","link":"https:\/\/avfertile.org\/?page_id=1509","title":{"rendered":"Soutenir Afrique Verte et Fertile"},"content":{"rendered":"<p style=\"text-align: center;\">Au S\u00e9n\u00e9gal, nombreuses sont aujourd&rsquo;hui les exploitations familiales agricoles qui souhaitent s&rsquo;engager dans une d\u00e9marche de conversion vers une agriculture durable, r\u00e9g\u00e9n\u00e9rative. C&rsquo;est dans ce cadre que Afrique Verte et Fertile-S\u00e9n\u00e9gal (AVF-SN) est \u00e0 la recherche de partenaires financiers pour la poursuite de son accompagnement technique aux exploitations familiales agricoles.<\/p>\n<p style=\"text-align: center;\"><script src=\"https:\/\/donorbox.org\/widget.js\" paypalexpress=\"true\"><\/script><iframe loading=\"lazy\" style=\"max-width: 500px; min-width: 250px; margin: auto; max-height: none!important;\" src=\"https:\/\/donorbox.org\/embed\/soutenir-une-afrique-verte-et-fertile\" name=\"donorbox\" width=\"100%\" height=\"900px\" frameborder=\"0\" scrolling=\"no\" seamless=\"seamless\"><\/iframe><\/p>\n","protected":false},"excerpt":{"rendered":"<p>Au S\u00e9n\u00e9gal, nombreuses sont aujourd&rsquo;hui les exploitations familiales agricoles qui souhaitent s&rsquo;engager dans une d\u00e9marche de conversion vers une agriculture durable, r\u00e9g\u00e9n\u00e9rative. C&rsquo;est dans ce cadre que Afrique Verte et Fertile-S\u00e9n\u00e9gal (AVF-SN) est \u00e0 la recherche de partenaires financiers pour la poursuite de son accompagnement technique aux exploitations familiales agricoles.<\/p>\n","protected":false},"author":1,"featured_media":0,"parent":0,"menu_order":0,"comment_status":"closed","ping_status":"closed","template":"","meta":[],"_links":{"self":[{"href":"https:\/\/avfertile.org\/index.php?rest_route=\/wp\/v2\/pages\/1509"}],"collection":[{"href":"https:\/\/avfertile.org\/index.php?rest_route=\/wp\/v2\/pages"}],"about":[{"href":"https:\/\/avfertile.org\/index.php?rest_route=\/wp\/v2\/types\/page"}],"author":[{"embeddable":true,"href":"https:\/\/avfertile.org\/index.php?rest_route=\/wp\/v2\/users\/1"}],"replies":[{"embeddable":true,"href":"https:\/\/avfertile.org\/index.php?rest_route=%2Fwp%2Fv2%2Fcomments&post=1509"}],"version-history":[{"count":12,"href":"https:\/\/avfertile.org\/index.php?rest_route=\/wp\/v2\/pages\/1509\/revisions"}],"predecessor-version":[{"id":1524,"href":"https:\/\/avfertile.org\/index.php?rest_route=\/wp\/v2\/pages\/1509\/revisions\/1524"}],"wp:attachment":[{"href":"https:\/\/avfertile.org\/index.php?rest_route=%2Fwp%2Fv2%2Fmedia&parent=1509"}],"curies":[{"name":"wp","href":"https:\/\/api.w.org\/{rel}","templated":true}]}}